{"id":738,"date":"2019-10-02T01:38:10","date_gmt":"2019-10-02T01:38:10","guid":{"rendered":"https:\/\/rubiconpanama.com\/?page_id=738"},"modified":"2019-10-02T01:56:57","modified_gmt":"2019-10-02T01:56:57","slug":"cajas-de-luz","status":"publish","type":"page","link":"https:\/\/rubiconpanama.com\/index.php\/cajas-de-luz\/","title":{"rendered":"Cajas de Luz"},"content":{"rendered":"\t\t<div data-elementor-type=\"wp-page\" data-elementor-id=\"738\" class=\"elementor elementor-738\">\n\t\t\t\t\t\t<section class=\"elementor-section elementor-top-section elementor-element elementor-element-ea52671 elementor-section-boxed elementor-section-height-default elementor-section-height-default\" data-id=\"ea52671\" data-element_type=\"section\" data-e-type=\"section\">\n\t\t\t\t\t\t<div class=\"elementor-container elementor-column-gap-default\">\n\t\t\t\t\t<div class=\"elementor-column elementor-col-100 elementor-top-column elementor-element elementor-element-0934676\" data-id=\"0934676\" data-element_type=\"column\" data-e-type=\"column\">\n\t\t\t<div class=\"elementor-widget-wrap elementor-element-populated\">\n\t\t\t\t\t\t<div class=\"elementor-element elementor-element-34cd0d9 elementor-widget__width-inherit elementor-widget elementor-widget-image\" data-id=\"34cd0d9\" data-element_type=\"widget\" data-e-type=\"widget\" data-widget_type=\"image.default\">\n\t\t\t\t<div class=\"elementor-widget-container\">\n\t\t\t\t\t\t\t\t\t\t\t\t\t\t\t<img decoding=\"async\" src=\"https:\/\/rubiconpanama.com\/wp-content\/uploads\/2019\/09\/cajas-de-luz.png\" title=\"cajas-de-luz\" alt=\"cajas-de-luz\" loading=\"lazy\" \/>\t\t\t\t\t\t\t\t\t\t\t\t\t\t\t<\/div>\n\t\t\t\t<\/div>\n\t\t\t\t\t<\/div>\n\t\t<\/div>\n\t\t\t\t\t<\/div>\n\t\t<\/section>\n\t\t\t\t<section class=\"elementor-section elementor-top-section elementor-element elementor-element-2835a40 elementor-section-boxed elementor-section-height-default elementor-section-height-default\" data-id=\"2835a40\" data-element_type=\"section\" data-e-type=\"section\">\n\t\t\t\t\t\t<div class=\"elementor-container elementor-column-gap-default\">\n\t\t\t\t\t<div class=\"elementor-column elementor-col-100 elementor-top-column elementor-element elementor-element-03f67f9\" data-id=\"03f67f9\" data-element_type=\"column\" data-e-type=\"column\">\n\t\t\t<div class=\"elementor-widget-wrap elementor-element-populated\">\n\t\t\t\t\t\t<div class=\"elementor-element elementor-element-aec6e7c elementor-widget elementor-widget-text-editor\" data-id=\"aec6e7c\" data-element_type=\"widget\" data-e-type=\"widget\" data-widget_type=\"text-editor.default\">\n\t\t\t\t<div class=\"elementor-widget-container\">\n\t\t\t\t\t\t\t\t\t<p>Las <strong>cajas luminozas,<\/strong>\u00a0tambi\u00e9n conocidas como marquesinas, son elementos que garantizan una gran visualizaci\u00f3n de la informaci\u00f3n que se desee transmitir. Al tratarse de elementos de publicidad exterior e interior que pueden fabricarse con especificaciones t\u00e9cnicas seg\u00fan los requerimientos particulares de cada negocio, garantizan generar el impacto deseado en el p\u00fablico, creando una imagen que dure largo tiempo en quienes las vean e incrementando al mismo tiempo las probabilidades de atraer un mayor n\u00famero de clientes. En las cajas o marquesinas luminosas se puede incluir adem\u00e1s del nombre de la empresa, su logotipo y eslogan, as\u00ed como informaci\u00f3n de contacto como tel\u00e9fono y n\u00fameros de registro o c\u00e9dulas que certifiquen que el tipo de productos que ofrece o servicios que presta son confiables.<\/p>\t\t\t\t\t\t\t\t<\/div>\n\t\t\t\t<\/div>\n\t\t\t\t\t<\/div>\n\t\t<\/div>\n\t\t\t\t\t<\/div>\n\t\t<\/section>\n\t\t\t\t<\/div>\n\t\t","protected":false},"excerpt":{"rendered":"<p>Las cajas luminozas,\u00a0tambi\u00e9n conocidas como marquesinas, son elementos que garantizan una gran visualizaci\u00f3n de la informaci\u00f3n que se desee transmitir. Al tratarse de elementos de publicidad exterior e interior que pueden fabricarse con especificaciones t\u00e9cnicas seg\u00fan los requerimientos particulares de cada negocio, garantizan generar el impacto deseado en el p\u00fablico, creando una imagen que dure&hellip;&nbsp;<a href=\"https:\/\/rubiconpanama.com\/index.php\/cajas-de-luz\/\" rel=\"bookmark\">Leer m\u00e1s &raquo;<span class=\"screen-reader-text\">Cajas de Luz<\/span><\/a><\/p>\n","protected":false},"author":2,"featured_media":0,"parent":0,"menu_order":0,"comment_status":"closed","ping_status":"closed","template":"","meta":{"_monsterinsights_skip_tracking":false,"_monsterinsights_sitenote_active":false,"_monsterinsights_sitenote_note":"","_monsterinsights_sitenote_category":0,"neve_meta_sidebar":"","neve_meta_container":"","neve_meta_enable_content_width":"","neve_meta_content_width":70,"neve_meta_title_alignment":"","neve_meta_author_avatar":"","neve_post_elements_order":"","neve_meta_disable_header":"","neve_meta_disable_footer":"","neve_meta_disable_title":"","_vp_format_video_url":"","_vp_image_focal_point":[],"_joinchat":[],"footnotes":""},"class_list":["post-738","page","type-page","status-publish","hentry"],"aioseo_notices":[],"_links":{"self":[{"href":"https:\/\/rubiconpanama.com\/index.php\/wp-json\/wp\/v2\/pages\/738","targetHints":{"allow":["GET"]}}],"collection":[{"href":"https:\/\/rubiconpanama.com\/index.php\/wp-json\/wp\/v2\/pages"}],"about":[{"href":"https:\/\/rubiconpanama.com\/index.php\/wp-json\/wp\/v2\/types\/page"}],"author":[{"embeddable":true,"href":"https:\/\/rubiconpanama.com\/index.php\/wp-json\/wp\/v2\/users\/2"}],"replies":[{"embeddable":true,"href":"https:\/\/rubiconpanama.com\/index.php\/wp-json\/wp\/v2\/comments?post=738"}],"version-history":[{"count":5,"href":"https:\/\/rubiconpanama.com\/index.php\/wp-json\/wp\/v2\/pages\/738\/revisions"}],"predecessor-version":[{"id":746,"href":"https:\/\/rubiconpanama.com\/index.php\/wp-json\/wp\/v2\/pages\/738\/revisions\/746"}],"wp:attachment":[{"href":"https:\/\/rubiconpanama.com\/index.php\/wp-json\/wp\/v2\/media?parent=738"}],"curies":[{"name":"wp","href":"https:\/\/api.w.org\/{rel}","templated":true}]}}